{"id":94,"date":"2020-01-17T19:04:15","date_gmt":"2020-01-17T19:04:15","guid":{"rendered":"http:\/\/slowfood-ost.ch\/?page_id=94"},"modified":"2023-08-29T13:26:42","modified_gmt":"2023-08-29T12:26:42","slug":"genussorte-im-appenzell","status":"publish","type":"page","link":"https:\/\/slowfood-ost.ch\/index.php\/genussorte-im-appenzell\/","title":{"rendered":"GenussOrte Appenzell AI\/AR"},"content":{"rendered":"\n<h2 class=\"wp-block-heading\">Produzent\/Innen<\/h2>\n\n\n\n<p><strong>Appenzell Innerrhoden<\/strong><\/p>\n\n\n\n<p>Appenzellerfleisch und Feinkost, Steinegg<\/p>\n\n\n\n<p>Hans Gm\u00fcnder, Haslen<\/p>\n\n\n\n<p><\/p>\n\n\n\n<p><strong>Appenzell Ausserrhoden<\/strong><\/p>\n\n\n\n<p>Appenzellerfleisch und Feinkost, Speicher<\/p>\n\n\n\n<p>Bio Hof Altenstein, Heiden<\/p>\n\n\n\n<p>Bio Hof Graf, Heiden<\/p>\n\n\n\n<p>Delikatessen Fleisch, Heiden<\/p>\n\n\n\n<p>Holzofen B\u00e4ckerei Kast, Reute<\/p>\n\n\n\n<p>Holzofen B\u00e4ckerei M\u00fchle, Hundwil<\/p>\n\n\n\n<p>Metzgerei Fuchs, Grub<\/p>\n\n\n\n<p><\/p>\n\n\n\n<h2 class=\"wp-block-heading\">Hotels und Restaurants<\/h2>\n\n\n\n<p><strong>Appenzell Innerrhoden<\/strong><\/p>\n\n\n\n<p>Alpenhof, Oberegg<\/p>\n\n\n\n<p>Berggasthaus Forelle Seealpsee<\/p>\n\n\n\n<p><\/p>\n\n\n\n<p><strong>Appenzell Ausserrhoden<\/strong><\/p>\n\n\n\n<p>B\u00e4ren, Hundwil<\/p>\n\n\n\n<p>Linde, Heiden<\/p>\n\n\n\n<p>Urwaldhaus, Rehetobel<\/p>\n\n\n\n<p><\/p>\n\n\n\n<h2 class=\"wp-block-heading\">Handel<\/h2>\n\n\n\n<p><strong>Appenzell Innerrhoden<\/strong><\/p>\n\n\n\n<p>Ch\u00e4slade, Appenzell<\/p>\n\n\n\n<p>A<strong>ppenzell Ausserrhoden<\/strong><\/p>\n\n\n\n<p>Appenzellerline, Hundwil<\/p>\n\n\n\n<p>Bionat, Heiden<br> <\/p>\n","protected":false},"excerpt":{"rendered":"<p>Produzent\/Innen Appenzell Innerrhoden Appenzellerfleisch und Feinkost, Steinegg Hans Gm\u00fcnder, Haslen Appenzell Ausserrhoden Appenzellerfleisch und Feinkost, Speicher Bio Hof Altenstein, Heiden Bio Hof Graf, Heiden Delikatessen Fleisch, Heiden Holzofen B\u00e4ckerei Kast, Reute Holzofen B\u00e4ckerei M\u00fchle, Hundwil Metzgerei Fuchs, Grub Hotels und Restaurants Appenzell Innerrhoden Alpenhof, Oberegg Berggasthaus Forelle Seealpsee Appenzell Ausserrhoden B\u00e4ren, Hundwil Linde, Heiden Urwaldhaus, &hellip; <\/p>\n<p><a class=\"more-link btn\" href=\"https:\/\/slowfood-ost.ch\/index.php\/genussorte-im-appenzell\/\">Weiterlesen<\/a><\/p>\n","protected":false},"author":2,"featured_media":0,"parent":0,"menu_order":0,"comment_status":"closed","ping_status":"closed","template":"","meta":{"footnotes":""},"_links":{"self":[{"href":"https:\/\/slowfood-ost.ch\/index.php\/wp-json\/wp\/v2\/pages\/94"}],"collection":[{"href":"https:\/\/slowfood-ost.ch\/index.php\/wp-json\/wp\/v2\/pages"}],"about":[{"href":"https:\/\/slowfood-ost.ch\/index.php\/wp-json\/wp\/v2\/types\/page"}],"author":[{"embeddable":true,"href":"https:\/\/slowfood-ost.ch\/index.php\/wp-json\/wp\/v2\/users\/2"}],"replies":[{"embeddable":true,"href":"https:\/\/slowfood-ost.ch\/index.php\/wp-json\/wp\/v2\/comments?post=94"}],"version-history":[{"count":12,"href":"https:\/\/slowfood-ost.ch\/index.php\/wp-json\/wp\/v2\/pages\/94\/revisions"}],"predecessor-version":[{"id":963,"href":"https:\/\/slowfood-ost.ch\/index.php\/wp-json\/wp\/v2\/pages\/94\/revisions\/963"}],"wp:attachment":[{"href":"https:\/\/slowfood-ost.ch\/index.php\/wp-json\/wp\/v2\/media?parent=94"}],"curies":[{"name":"wp","href":"https:\/\/api.w.org\/{rel}","templated":true}]}}