{"id":8,"date":"2020-01-17T08:05:37","date_gmt":"2020-01-17T08:05:37","guid":{"rendered":"http:\/\/slowfood-ost.ch\/?page_id=8"},"modified":"2020-01-19T15:16:18","modified_gmt":"2020-01-19T14:16:18","slug":"genussorte","status":"publish","type":"page","link":"https:\/\/slowfood-ost.ch\/index.php\/genussorte\/","title":{"rendered":"GenussOrte"},"content":{"rendered":"\n<p>Slow Food f\u00f6rdert eine nachhaltige Landwirtschaft und Fischerei, das traditionelle Lebensmittelhandwerk und die Erhaltung der regionalen Geschmacksvielfalt.&nbsp;<br>\n<\/p>\n\n\n\n<p>Wir wollen ein Netz der Genussorte \u00fcber der Ostschweiz kn\u00fcpfen und stellen hier Produzenten, H\u00e4ndler, K\u00f6che und Wirte vor. Denn ohne sie g\u00e4be es keine GenussOrte.<\/p>\n\n\n\n<p>Wo kaufen Slow Food Mitglieder ein? Wo essen Sie? Wo sind ihre ganz pers\u00f6nlichen Genussorte?<\/p>\n\n\n\n<p>Die erste Ausgabe des Genussverf\u00fchrers f\u00fcr die Ostschweiz erschien 2009 als Sammlung von Adressen, die unsere Mitglieder zusammengetragen haben.<\/p>\n\n\n\n<p>Als Konsumenten und Co-Produzenten wollen wir Genuss der \u00abGUT &#8211; SAUBER &#8211; FAIR\u00bb ist. Wir wollen aber auch die Produzenten und Handwerker kennen, die diese Produkte fertigen.<\/p>\n\n\n\n<p><a href=\"https:\/\/slowfood-ost.ch\/index.php\/genussorte-im-appenzell\/\">Appenzell<\/a><\/p>\n\n\n\n<p><a href=\"https:\/\/slowfood-ost.ch\/index.php\/genussorte-in-st-gallen\/\">St.Gallen<\/a><\/p>\n\n\n\n<p><a href=\"https:\/\/slowfood-ost.ch\/index.php\/genussorte-im-thurgau\/\">Thurgau<\/a><\/p>\n\n\n\n<p>Weiterf\u00fchrende Links:<\/p>\n\n\n\n<p><a href=\"http:\/\/www.goutmieux.ch\">www.goutmieux.ch<\/a><\/p>\n\n\n\n<p><a href=\"http:\/\/www.urchuchi.ch\">www.urchuchi.ch<\/a><\/p>\n\n\n\n<p><a href=\"http:\/\/www.oekohotel.ch\">www.oekohotel.ch<\/a><\/p>\n\n\n\n<p>Weiterf\u00fchrende Literatur:<\/p>\n\n\n\n<p><a href=\"http:\/\/www.oekohotel.ch\/\">Der andere Hotelf\u00fchrer<\/a> (Rotpunkt Verlag)<\/p>\n\n\n\n<p><a href=\"https:\/\/www.weltbild.ch\/artikel\/buch\/urwaldhus-tierhag-ochsenhuette-co_19660350-1\">\u00abUrwaldhus, Tierhag, Ochsenh\u00fctte &amp; Co\u00bb<\/a> Die sch\u00f6nsten Ostschweizer Beizen und die (Wander-)Wege zu ihnen (Orte Verlag)<\/p>\n\n\n\n<p><a href=\"https:\/\/thgutverlag.lesestoff.ch\/detail\/ISBN-9783858693747\/Weiss-Martin\/Urchuchi.-Deutschschweiz-und-Graub%C3%BCnden\">Urchuchi. Deutschschweiz und Graub\u00fcnden<\/a> (Rotpunkt Verlag)<\/p>\n","protected":false},"excerpt":{"rendered":"<p>Slow Food f\u00f6rdert eine nachhaltige Landwirtschaft und Fischerei, das traditionelle Lebensmittelhandwerk und die Erhaltung der regionalen Geschmacksvielfalt.&nbsp; Wir wollen ein Netz der Genussorte \u00fcber der Ostschweiz kn\u00fcpfen und stellen hier Produzenten, H\u00e4ndler, K\u00f6che und Wirte vor. Denn ohne sie g\u00e4be es keine GenussOrte. Wo kaufen Slow Food Mitglieder ein? Wo essen Sie? Wo sind ihre &hellip; <\/p>\n<p><a class=\"more-link btn\" href=\"https:\/\/slowfood-ost.ch\/index.php\/genussorte\/\">Weiterlesen<\/a><\/p>\n","protected":false},"author":2,"featured_media":0,"parent":0,"menu_order":0,"comment_status":"closed","ping_status":"closed","template":"","meta":{"footnotes":""},"_links":{"self":[{"href":"https:\/\/slowfood-ost.ch\/index.php\/wp-json\/wp\/v2\/pages\/8"}],"collection":[{"href":"https:\/\/slowfood-ost.ch\/index.php\/wp-json\/wp\/v2\/pages"}],"about":[{"href":"https:\/\/slowfood-ost.ch\/index.php\/wp-json\/wp\/v2\/types\/page"}],"author":[{"embeddable":true,"href":"https:\/\/slowfood-ost.ch\/index.php\/wp-json\/wp\/v2\/users\/2"}],"replies":[{"embeddable":true,"href":"https:\/\/slowfood-ost.ch\/index.php\/wp-json\/wp\/v2\/comments?post=8"}],"version-history":[{"count":7,"href":"https:\/\/slowfood-ost.ch\/index.php\/wp-json\/wp\/v2\/pages\/8\/revisions"}],"predecessor-version":[{"id":226,"href":"https:\/\/slowfood-ost.ch\/index.php\/wp-json\/wp\/v2\/pages\/8\/revisions\/226"}],"wp:attachment":[{"href":"https:\/\/slowfood-ost.ch\/index.php\/wp-json\/wp\/v2\/media?parent=8"}],"curies":[{"name":"wp","href":"https:\/\/api.w.org\/{rel}","templated":true}]}}