{"id":73,"date":"2020-01-17T18:35:18","date_gmt":"2020-01-17T18:35:18","guid":{"rendered":"http:\/\/slowfood-ost.ch\/?page_id=73"},"modified":"2021-07-10T15:03:49","modified_gmt":"2021-07-10T14:03:49","slug":"genussorte-im-thurgau","status":"publish","type":"page","link":"https:\/\/slowfood-ost.ch\/index.php\/genussorte-im-thurgau\/","title":{"rendered":"GenussOrte im Thurgau"},"content":{"rendered":"\n<h2 class=\"wp-block-heading\">Produzent\/Innen<\/h2>\n\n\n\n<p>Bio-Beck Lehmann, Lanterswil<\/p>\n\n\n\n<p>Bio Gem\u00fcsehof Biser, Pfyn<\/p>\n\n\n\n<p>Mausacker, Biohof Beiz, Steinebrunn<\/p>\n\n\n\n<p>Bodenseefischerei&nbsp;Erwin Fischer,&nbsp;Salmsach<\/p>\n\n\n\n<p>Demeter Tschudin, Scherzingen<\/p>\n\n\n\n<p>Ekkarthof, Lengwil<\/p>\n\n\n\n<p>Gourmino, Illighausen<\/p>\n\n\n\n<p>\u00d6pfelfarm, Steinebrunn<\/p>\n\n\n\n<p>Kressibucher \u00d6l, Lanzenneunforn<\/p>\n\n\n\n<p>Kartause Ittingen, Warth<\/p>\n\n\n\n<p>K\u00e4serei Riet-Wilen, Zihlschlacht<\/p>\n\n\n\n<p>KORN.HAUS, Dussnang<\/p>\n\n\n\n<p>Manser Mosterei und Hofprodukte, Winden<\/p>\n\n\n\n<p>Sprossana Bio Sprossen, Mauren<\/p>\n\n\n\n<p>Weingut Broger, Ottoberg<\/p>\n\n\n\n<p><\/p>\n\n\n\n<h2 class=\"wp-block-heading\">Hotels und Restaurants<\/h2>\n\n\n\n<p>Hotel Arenenberg &#8211; Bistro Louis Napol\u00e9on, Salenstein<\/p>\n\n\n\n<p>Mausacker Biohof Beiz, Steinebrunn<\/p>\n\n\n\n<p>Restaurant Greuterhof, Islikon<\/p>\n\n\n\n<p>Restaurant Schauenberg, Hofstetten bei Elgg<\/p>\n\n\n\n<p>Restaurant Schiff, Mammern<\/p>\n\n\n\n<p>Restaurant Seegarten, Ermatingen<\/p>\n\n\n\n<p><\/p>\n\n\n\n<h2 class=\"wp-block-heading\">Handel<\/h2>\n\n\n\n<p>Giardino del Vino, Frauenfeld<\/p>\n\n\n\n<p>Mad\u00f6rin Fr\u00fcchte und Geniessen, Weinfelden<\/p>\n\n\n\n<p>NaturGuet &#8211; fair gemacht, Elsau b. Winterthur<\/p>\n","protected":false},"excerpt":{"rendered":"<p>Produzent\/Innen Bio-Beck Lehmann, Lanterswil Bio Gem\u00fcsehof Biser, Pfyn Mausacker, Biohof Beiz, Steinebrunn Bodenseefischerei&nbsp;Erwin Fischer,&nbsp;Salmsach Demeter Tschudin, Scherzingen Ekkarthof, Lengwil Gourmino, Illighausen \u00d6pfelfarm, Steinebrunn Kressibucher \u00d6l, Lanzenneunforn Kartause Ittingen, Warth K\u00e4serei Riet-Wilen, Zihlschlacht KORN.HAUS, Dussnang Manser Mosterei und Hofprodukte, Winden Sprossana Bio Sprossen, Mauren Weingut Broger, Ottoberg Hotels und Restaurants Hotel Arenenberg &#8211; Bistro Louis Napol\u00e9on, &hellip; <\/p>\n<p><a class=\"more-link btn\" href=\"https:\/\/slowfood-ost.ch\/index.php\/genussorte-im-thurgau\/\">Weiterlesen<\/a><\/p>\n","protected":false},"author":2,"featured_media":0,"parent":0,"menu_order":0,"comment_status":"closed","ping_status":"closed","template":"","meta":{"footnotes":""},"_links":{"self":[{"href":"https:\/\/slowfood-ost.ch\/index.php\/wp-json\/wp\/v2\/pages\/73"}],"collection":[{"href":"https:\/\/slowfood-ost.ch\/index.php\/wp-json\/wp\/v2\/pages"}],"about":[{"href":"https:\/\/slowfood-ost.ch\/index.php\/wp-json\/wp\/v2\/types\/page"}],"author":[{"embeddable":true,"href":"https:\/\/slowfood-ost.ch\/index.php\/wp-json\/wp\/v2\/users\/2"}],"replies":[{"embeddable":true,"href":"https:\/\/slowfood-ost.ch\/index.php\/wp-json\/wp\/v2\/comments?post=73"}],"version-history":[{"count":7,"href":"https:\/\/slowfood-ost.ch\/index.php\/wp-json\/wp\/v2\/pages\/73\/revisions"}],"predecessor-version":[{"id":619,"href":"https:\/\/slowfood-ost.ch\/index.php\/wp-json\/wp\/v2\/pages\/73\/revisions\/619"}],"wp:attachment":[{"href":"https:\/\/slowfood-ost.ch\/index.php\/wp-json\/wp\/v2\/media?parent=73"}],"curies":[{"name":"wp","href":"https:\/\/api.w.org\/{rel}","templated":true}]}}