{"id":52,"date":"2020-01-17T18:10:37","date_gmt":"2020-01-17T18:10:37","guid":{"rendered":"http:\/\/slowfood-ost.ch\/?page_id=52"},"modified":"2025-04-23T18:31:12","modified_gmt":"2025-04-23T17:31:12","slug":"genussorte-produzenten","status":"publish","type":"page","link":"https:\/\/slowfood-ost.ch\/index.php\/genussorte-produzenten\/","title":{"rendered":"GenussOrte Produzent\/Innen"},"content":{"rendered":"\n<p><a href=\"https:\/\/biowein-knechtleglogger.ch\/\">Bio-Weinbau Knechtle Glogger, Thal<\/a><\/p>\n\n\n\n<p>Bio Hof Andermatt, Steinach<\/p>\n\n\n\n<p><a href=\"https:\/\/www.bosshartweine.ch\/\">Bosshard Bio Weine, Walenstadt<\/a><\/p>\n\n\n\n<p><a href=\"https:\/\/www.casanova-weinpur.ch\/\">Casanova Wein Pur, Waldenstadt<\/a><\/p>\n\n\n\n<p><a href=\"https:\/\/chiliwerk.ch\/\">Chiliwerk, Walenstadt<\/a><\/p>\n\n\n\n<p><a href=\"https:\/\/www.delikatessen-fleisch.ch\/\">Delikatessen Fleisch, Heiden<\/a><\/p>\n\n\n\n<p>D\u00f6rrerei Oeler, L\u00f6mmenschwil<\/p>\n\n\n\n<p><a href=\"https:\/\/www.slowfood.ch\/de\/presidio\/dunkle-biene\">Dunkle Biene (Presidi Produkt), div. Imkereien<\/a><\/p>\n\n\n\n<p><a href=\"https:\/\/www.fuchsmilch.ch\/\">Fuchs Molkerei, Rorschach<\/a><\/p>\n\n\n\n<p><a href=\"https:\/\/www.gefluegelgourmet.ch\/\">Gefl\u00fcgel Gourmet, M\u00f6rschwil<\/a><\/p>\n\n\n\n<p><a href=\"https:\/\/www.farmy.ch\/imkerei-stefan-bernet\">Imkerei Stefan Bernet, Gommiswald<\/a><\/p>\n\n\n\n<p><a href=\"https:\/\/www.berghof-ag.ch\/\">K\u00e4serei Berghof, Ganterschwil<\/a><\/p>\n\n\n\n<p><a href=\"https:\/\/chaeswelt.ch\/de\/erleben\/erlebniskarte\/detail\/toggenburger-kaeserei-knaus-d271f5e0-7420-11ea-bc55-0242ac130003.html\">K\u00e4serei Knaus, Unterwasser<\/a><\/p>\n\n\n\n<p><a href=\"http:\/\/www.stadelmannkaese.ch\/\">K\u00e4serei Stadelmann, Nesslau<\/a><\/p>\n\n\n\n<p><a href=\"https:\/\/www.kaesereistofel.ch\/\">K\u00e4serei Stoffel, Unterwasser<\/a><\/p>\n\n\n\n<p><a href=\"https:\/\/www.kornhausbraeu.ch\/\">Kornhausbr\u00e4u, Rorschach<\/a><\/p>\n\n\n\n<p><a href=\"https:\/\/www.molken-truffes.ch\/molken-schoko-truffes\/ueber-uns\/familie-koch\">Molken Schoko-Truffes, Appenzell<\/a><\/p>\n\n\n\n<p><a href=\"https:\/\/mostereikobelt.ch\/\">Mosterei Kobelt, Marbach<\/a><\/p>\n\n\n\n<p><a href=\"https:\/\/www.muerbel.ch\/\">M\u00fcrbel, Mattwil<\/a><\/p>\n\n\n\n<p><a href=\"https:\/\/www.oepfelfarm.ch\/\">\u00d6pfelfarm, Steinebrunn<\/a><\/p>\n\n\n\n<p><a href=\"https:\/\/willischmid.ch\/\">St\u00e4dlich\u00e4si, Lichtensteig<\/a><\/p>\n\n\n\n<p><a href=\"https:\/\/www.st.galleroel.ch\/de\/\">St. Galler \u00d6l, Flawil<\/a><\/p>\n\n\n\n<p><a href=\"https:\/\/www.weingut-lenz.ch\/\">Weingut Lenz, Uesslingen<\/a><\/p>\n\n\n\n<p><a href=\"https:\/\/stegeler.ch\/\">Weingut Stegler, Berneck<\/a><\/p>\n\n\n\n<p><a href=\"https:\/\/ribelmais.ch\/\">Verein Rheintaler Riebelmais<\/a>, Salez<\/p>\n\n\n\n<p><a href=\"https:\/\/www.ziegenfreunde.ch\/\">Verein Ziegenfreunde, Salez<\/a><\/p>\n\n\n\n<p><a href=\"https:\/\/www.frisch-fisch.ch\/\">Zahner Fischhandel, Gommiswald<\/a><\/p>\n","protected":false},"excerpt":{"rendered":"<p>Bio-Weinbau Knechtle Glogger, Thal Bio Hof Andermatt, Steinach Bosshard Bio Weine, Walenstadt Casanova Wein Pur, Waldenstadt Chiliwerk, Walenstadt Delikatessen Fleisch, Heiden D\u00f6rrerei Oeler, L\u00f6mmenschwil Dunkle Biene (Presidi Produkt), div. Imkereien Fuchs Molkerei, Rorschach Gefl\u00fcgel Gourmet, M\u00f6rschwil Imkerei Stefan Bernet, Gommiswald K\u00e4serei Berghof, Ganterschwil K\u00e4serei Knaus, Unterwasser K\u00e4serei Stadelmann, Nesslau K\u00e4serei Stoffel, Unterwasser Kornhausbr\u00e4u, Rorschach Molken &hellip; <\/p>\n<p><a class=\"more-link btn\" href=\"https:\/\/slowfood-ost.ch\/index.php\/genussorte-produzenten\/\">Weiterlesen<\/a><\/p>\n","protected":false},"author":2,"featured_media":0,"parent":0,"menu_order":0,"comment_status":"closed","ping_status":"closed","template":"","meta":{"footnotes":""},"_links":{"self":[{"href":"https:\/\/slowfood-ost.ch\/index.php\/wp-json\/wp\/v2\/pages\/52"}],"collection":[{"href":"https:\/\/slowfood-ost.ch\/index.php\/wp-json\/wp\/v2\/pages"}],"about":[{"href":"https:\/\/slowfood-ost.ch\/index.php\/wp-json\/wp\/v2\/types\/page"}],"author":[{"embeddable":true,"href":"https:\/\/slowfood-ost.ch\/index.php\/wp-json\/wp\/v2\/users\/2"}],"replies":[{"embeddable":true,"href":"https:\/\/slowfood-ost.ch\/index.php\/wp-json\/wp\/v2\/comments?post=52"}],"version-history":[{"count":11,"href":"https:\/\/slowfood-ost.ch\/index.php\/wp-json\/wp\/v2\/pages\/52\/revisions"}],"predecessor-version":[{"id":1190,"href":"https:\/\/slowfood-ost.ch\/index.php\/wp-json\/wp\/v2\/pages\/52\/revisions\/1190"}],"wp:attachment":[{"href":"https:\/\/slowfood-ost.ch\/index.php\/wp-json\/wp\/v2\/media?parent=52"}],"curies":[{"name":"wp","href":"https:\/\/api.w.org\/{rel}","templated":true}]}}