{"id":18,"date":"2020-01-17T08:10:15","date_gmt":"2020-01-17T08:10:15","guid":{"rendered":"http:\/\/slowfood-ost.ch\/?page_id=18"},"modified":"2025-01-20T21:27:41","modified_gmt":"2025-01-20T20:27:41","slug":"news","status":"publish","type":"page","link":"https:\/\/slowfood-ost.ch\/index.php\/news\/","title":{"rendered":"News"},"content":{"rendered":"\n<p>21. Januar 2024<\/p>\n\n\n\n<h3 class=\"wp-block-heading\">Jahresversammlung Slow Food Ostschweiz<\/h3>\n\n\n\n<p>Die vergangene Jahresversammlung von Slow Food Ostschweiz fand am Donnerstag, 29. Februar 2024 im Alpenhof in Oberegg statt.<\/p>\n\n\n\n<figure class=\"wp-block-image size-large\"><img loading=\"lazy\" decoding=\"async\" width=\"1024\" height=\"679\" src=\"https:\/\/slowfood-ost.ch\/wp-content\/uploads\/2024\/01\/Alpenhof_Oberegg_01-1024x679.jpg\" alt=\"\" class=\"wp-image-1036\" srcset=\"https:\/\/slowfood-ost.ch\/wp-content\/uploads\/2024\/01\/Alpenhof_Oberegg_01-1024x679.jpg 1024w, https:\/\/slowfood-ost.ch\/wp-content\/uploads\/2024\/01\/Alpenhof_Oberegg_01-300x199.jpg 300w, https:\/\/slowfood-ost.ch\/wp-content\/uploads\/2024\/01\/Alpenhof_Oberegg_01-768x509.jpg 768w, https:\/\/slowfood-ost.ch\/wp-content\/uploads\/2024\/01\/Alpenhof_Oberegg_01-1536x1018.jpg 1536w, https:\/\/slowfood-ost.ch\/wp-content\/uploads\/2024\/01\/Alpenhof_Oberegg_01-2048x1358.jpg 2048w, https:\/\/slowfood-ost.ch\/wp-content\/uploads\/2024\/01\/Alpenhof_Oberegg_01-750x497.jpg 750w\" sizes=\"(max-width: 1024px) 100vw, 1024px\" \/><\/figure>\n\n\n\n<p><\/p>\n\n\n\n<p>18. Dezember 2023<\/p>\n\n\n\n<h3 class=\"wp-block-heading\">Schn\u00e4ggeposcht #4\/2023<\/h3>\n\n\n\n<p>Hier geht&#8217;s zur aktuellsten Schn\u00e4ggeposcht, dem Newsletter von Slow Food Ostschweiz.<\/p>\n\n\n\n<div data-wp-interactive=\"\" class=\"wp-block-file\"><object data-wp-bind--hidden=\"!selectors.core.file.hasPdfPreview\" hidden class=\"wp-block-file__embed\" data=\"https:\/\/slowfood-ost.ch\/wp-content\/uploads\/2023\/12\/Schnaeggeposcht_Dezember_2023-komprimiert.pdf\" type=\"application\/pdf\" style=\"width:100%;height:600px\" aria-label=\"Einbettung von Schnaeggeposcht_Dezember_2023-komprimiert.\"><\/object><a id=\"wp-block-file--media-eafac392-1aa2-46d2-8276-61ab191330c5\" href=\"https:\/\/slowfood-ost.ch\/wp-content\/uploads\/2023\/12\/Schnaeggeposcht_Dezember_2023-komprimiert.pdf\">Schnaeggeposcht_Dezember_2023-komprimiert<\/a><a href=\"https:\/\/slowfood-ost.ch\/wp-content\/uploads\/2023\/12\/Schnaeggeposcht_Dezember_2023-komprimiert.pdf\" class=\"wp-block-file__button wp-element-button\" download aria-describedby=\"wp-block-file--media-eafac392-1aa2-46d2-8276-61ab191330c5\">Herunterladen<\/a><\/div>\n\n\n\n<p>28. November 2023<\/p>\n\n\n\n<h3 class=\"wp-block-heading\"><strong>Schweizer Familie<\/strong> berichtet \u00fcber Slow Food (02.11.2023)<\/h3>\n\n\n\n<p>Lesen Sie unten die mehrseitige SF-Reportage \u00fcber Slow Food.<\/p>\n\n\n\n<figure class=\"wp-block-image size-large\"><img loading=\"lazy\" decoding=\"async\" width=\"741\" height=\"1024\" src=\"https:\/\/slowfood-ost.ch\/wp-content\/uploads\/2023\/11\/Bildschirmfoto-2023-11-28-um-17.06.49-741x1024.png\" alt=\"\" class=\"wp-image-995\" srcset=\"https:\/\/slowfood-ost.ch\/wp-content\/uploads\/2023\/11\/Bildschirmfoto-2023-11-28-um-17.06.49-741x1024.png 741w, https:\/\/slowfood-ost.ch\/wp-content\/uploads\/2023\/11\/Bildschirmfoto-2023-11-28-um-17.06.49-217x300.png 217w, https:\/\/slowfood-ost.ch\/wp-content\/uploads\/2023\/11\/Bildschirmfoto-2023-11-28-um-17.06.49-768x1061.png 768w, https:\/\/slowfood-ost.ch\/wp-content\/uploads\/2023\/11\/Bildschirmfoto-2023-11-28-um-17.06.49-750x1036.png 750w, https:\/\/slowfood-ost.ch\/wp-content\/uploads\/2023\/11\/Bildschirmfoto-2023-11-28-um-17.06.49.png 932w\" sizes=\"(max-width: 741px) 100vw, 741px\" \/><\/figure>\n\n\n\n<div data-wp-interactive=\"\" class=\"wp-block-file\"><object data-wp-bind--hidden=\"!selectors.core.file.hasPdfPreview\" hidden class=\"wp-block-file__embed\" data=\"https:\/\/slowfood-ost.ch\/wp-content\/uploads\/2023\/11\/231102_Schweizer-Familie.pdf\" type=\"application\/pdf\" style=\"width:100%;height:600px\" aria-label=\"Einbettung von 231102_Schweizer-Familie.\"><\/object><a id=\"wp-block-file--media-27aadf1c-4ac3-4b6c-99a2-8d75f453eec8\" href=\"https:\/\/slowfood-ost.ch\/wp-content\/uploads\/2023\/11\/231102_Schweizer-Familie.pdf\">231102_Schweizer-Familie<\/a><a href=\"https:\/\/slowfood-ost.ch\/wp-content\/uploads\/2023\/11\/231102_Schweizer-Familie.pdf\" class=\"wp-block-file__button wp-element-button\" download aria-describedby=\"wp-block-file--media-27aadf1c-4ac3-4b6c-99a2-8d75f453eec8\">Herunterladen<\/a><\/div>\n\n\n\n<p>11. November 2023<\/p>\n\n\n\n<h3 class=\"wp-block-heading\">Schn\u00e4ggeposcht #3\/2023<\/h3>\n\n\n\n<div data-wp-interactive=\"\" class=\"wp-block-file\"><object data-wp-bind--hidden=\"!selectors.core.file.hasPdfPreview\" hidden class=\"wp-block-file__embed\" data=\"https:\/\/slowfood-ost.ch\/wp-content\/uploads\/2023\/11\/Schnaeggeposcht_November_2023.pdf\" type=\"application\/pdf\" style=\"width:100%;height:600px\" aria-label=\"Einbettung von Schnaeggeposcht_November_2023.\"><\/object><a id=\"wp-block-file--media-7c4e0498-c71a-4d80-aeb8-f48e95d76a0e\" href=\"https:\/\/slowfood-ost.ch\/wp-content\/uploads\/2023\/11\/Schnaeggeposcht_November_2023.pdf\">Schnaeggeposcht_November_2023<\/a><a href=\"https:\/\/slowfood-ost.ch\/wp-content\/uploads\/2023\/11\/Schnaeggeposcht_November_2023.pdf\" class=\"wp-block-file__button wp-element-button\" download aria-describedby=\"wp-block-file--media-7c4e0498-c71a-4d80-aeb8-f48e95d76a0e\">Herunterladen<\/a><\/div>\n\n\n\n<p>25. Juni 2023<\/p>\n\n\n\n<h3 class=\"wp-block-heading\">Schn\u00e4ggeposcht #2\/2023<\/h3>\n\n\n\n<div data-wp-interactive=\"\" class=\"wp-block-file\"><object data-wp-bind--hidden=\"!selectors.core.file.hasPdfPreview\" hidden class=\"wp-block-file__embed\" data=\"https:\/\/slowfood-ost.ch\/wp-content\/uploads\/2023\/06\/Schnaeggeposcht_Juni_2023.pdf\" type=\"application\/pdf\" style=\"width:100%;height:600px\" aria-label=\"Einbettung von Schnaeggeposcht_Juni_2023.\"><\/object><a id=\"wp-block-file--media-977aa2d4-4116-4c86-bb8c-a8494bf24924\" href=\"https:\/\/slowfood-ost.ch\/wp-content\/uploads\/2023\/06\/Schnaeggeposcht_Juni_2023.pdf\">Schnaeggeposcht_Juni_2023<\/a><a href=\"https:\/\/slowfood-ost.ch\/wp-content\/uploads\/2023\/06\/Schnaeggeposcht_Juni_2023.pdf\" class=\"wp-block-file__button wp-element-button\" download aria-describedby=\"wp-block-file--media-977aa2d4-4116-4c86-bb8c-a8494bf24924\">Herunterladen<\/a><\/div>\n\n\n\n<p>26. M\u00e4rz 2023<\/p>\n\n\n\n<h3 class=\"wp-block-heading\">Schn\u00e4ggeposcht #1\/2023<\/h3>\n\n\n\n<div data-wp-interactive=\"\" class=\"wp-block-file\"><object data-wp-bind--hidden=\"!selectors.core.file.hasPdfPreview\" hidden class=\"wp-block-file__embed\" data=\"https:\/\/slowfood-ost.ch\/wp-content\/uploads\/2023\/06\/Schnaeggeposcht_Maerz_2023.pdf\" type=\"application\/pdf\" style=\"width:100%;height:600px\" aria-label=\"Einbettung von Schnaeggeposcht_Maerz_2023.\"><\/object><a id=\"wp-block-file--media-a1f6d202-b887-4141-b8e6-b589558e0b51\" href=\"https:\/\/slowfood-ost.ch\/wp-content\/uploads\/2023\/06\/Schnaeggeposcht_Maerz_2023.pdf\">Schnaeggeposcht_Maerz_2023<\/a><a href=\"https:\/\/slowfood-ost.ch\/wp-content\/uploads\/2023\/06\/Schnaeggeposcht_Maerz_2023.pdf\" class=\"wp-block-file__button wp-element-button\" download aria-describedby=\"wp-block-file--media-a1f6d202-b887-4141-b8e6-b589558e0b51\">Herunterladen<\/a><\/div>\n\n\n\n<p>02. Februar 2023<\/p>\n\n\n\n<h3 class=\"wp-block-heading\">Jahresversammlung SF Ostschweiz<\/h3>\n\n\n\n<p>Slow Food Ostschweiz meldet sich zur\u00fcck aus der Winterpause. Wie \u00fcblich starten wir ins neue Vereinsjahr mit der Mitglieder-Jahresversammlung. Alle Mitglieder und jene, die Neumitglied werden wollen, sind herzlich eingeladen.<\/p>\n\n\n\n<div data-wp-interactive=\"\" class=\"wp-block-file\"><object data-wp-bind--hidden=\"!selectors.core.file.hasPdfPreview\" hidden class=\"wp-block-file__embed\" data=\"https:\/\/slowfood-ost.ch\/wp-content\/uploads\/2023\/02\/Einladung_Jahresversammlung_SFO_2023.pdf\" type=\"application\/pdf\" style=\"width:100%;height:600px\" aria-label=\"Einbettung von Einladung_Jahresversammlung_SFO_2023.\"><\/object><a id=\"wp-block-file--media-d8048100-91e3-4fc2-974c-cb356ad51c3e\" href=\"https:\/\/slowfood-ost.ch\/wp-content\/uploads\/2023\/02\/Einladung_Jahresversammlung_SFO_2023.pdf\">Einladung_Jahresversammlung_SFO_2023<\/a><a href=\"https:\/\/slowfood-ost.ch\/wp-content\/uploads\/2023\/02\/Einladung_Jahresversammlung_SFO_2023.pdf\" class=\"wp-block-file__button wp-element-button\" download aria-describedby=\"wp-block-file--media-d8048100-91e3-4fc2-974c-cb356ad51c3e\">Herunterladen<\/a><\/div>\n\n\n\n<p>05. Januar 2023<\/p>\n\n\n\n<h3 class=\"wp-block-heading\">Todesnachricht Silvia Nigg<\/h3>\n\n\n\n<p>Mit grosser Best\u00fcrzung m\u00fcssen wir mitteilen, dass Silvia Nigg kurz nach Weihnachten \u00fcberraschend verstorben ist.<\/p>\n\n\n\n<p>Silvia war ein langj\u00e4hriges Slow Food Mitglied und amtete von 2018 bis 2022 als Pr\u00e4sidentin des Convivium Ostschweiz. Als Nachfolgerin des langj\u00e4hrigen Pr\u00e4sidenten Michael Higi, hatte Silvia die Vorstandsarbeiten mit viel Energie w\u00e4hrend 4 Jahren weiter gef\u00fchrt.<\/p>\n\n\n\n<p>Mit Silvia verlieren wir einen liebevollen Menschen, der sich in der Slow Food Community wohlgef\u00fchlt hat. Silvia hatte viele Facetten. In fr\u00fcheren Jahren war Silvia Beizerin und f\u00fchrte ein Restaurant in Herisau. Als gelernte Conditorin-Confiseuse er\u00f6ffnete sie das Caf\u00e9 \u00abs&#8217;Teigr\u00e4dli\u00bb in Herisau und leitete da die B\u00e4ckerei-Conditorei. Benachteiligte Menschen lagen ihr schon immer am Herzen. Sie war vor allem auch Arbeitsagogin und arbeitete \u00fcber 16 Jahre, zuletzt als Betriebsleiterin, auf dem <a href=\"https:\/\/www.tosam.ch\/angebot\/tosam-hof-baldenwil\/\">Hof Baldenwil<\/a>, einer Institution der TOSAM Stiftung.<\/p>\n\n\n\n<p>Wer Silvia auf dem letzten irdischen Weg begleiten m\u00f6chte, kann dies am Montag, 09. Januar 2023, um 10 Uhr in der Friedhofskapelle in Herisau tun. <\/p>\n\n\n\n<p>Im Namen von Slow Food Ostschweiz gehen die Gedanken und ein grosses Beileid an die Familie von Silvia und Alle, die mit ihr verbunden sind.<\/p>\n\n\n\n<p>Du fehlst uns, liebe Silvia.<\/p>\n\n\n\n<figure class=\"wp-block-image size-large\"><img loading=\"lazy\" decoding=\"async\" width=\"683\" height=\"1024\" src=\"https:\/\/slowfood-ost.ch\/wp-content\/uploads\/2023\/01\/HS8_2117a-Kopie-683x1024.jpg\" alt=\"\" class=\"wp-image-884\" srcset=\"https:\/\/slowfood-ost.ch\/wp-content\/uploads\/2023\/01\/HS8_2117a-Kopie-683x1024.jpg 683w, https:\/\/slowfood-ost.ch\/wp-content\/uploads\/2023\/01\/HS8_2117a-Kopie-200x300.jpg 200w, https:\/\/slowfood-ost.ch\/wp-content\/uploads\/2023\/01\/HS8_2117a-Kopie-768x1152.jpg 768w, https:\/\/slowfood-ost.ch\/wp-content\/uploads\/2023\/01\/HS8_2117a-Kopie-1024x1536.jpg 1024w, https:\/\/slowfood-ost.ch\/wp-content\/uploads\/2023\/01\/HS8_2117a-Kopie-1365x2048.jpg 1365w, https:\/\/slowfood-ost.ch\/wp-content\/uploads\/2023\/01\/HS8_2117a-Kopie-scaled.jpg 1706w\" sizes=\"(max-width: 683px) 100vw, 683px\" \/><\/figure>\n\n\n\n<p>03. November 2022<\/p>\n\n\n\n<h3 class=\"wp-block-heading\">Schn\u00e4ggeposcht #4\/2022<\/h3>\n\n\n\n<div data-wp-interactive=\"\" class=\"wp-block-file\"><object data-wp-bind--hidden=\"!selectors.core.file.hasPdfPreview\" hidden class=\"wp-block-file__embed\" data=\"https:\/\/slowfood-ost.ch\/wp-content\/uploads\/2023\/01\/Schna\u0308ggeposcht_November_2022.pdf\" type=\"application\/pdf\" style=\"width:100%;height:600px\" aria-label=\"Einbettung von Schna\u0308ggeposcht_November_2022.\"><\/object><a id=\"wp-block-file--media-5e5d9f95-c9c3-4c5c-b269-353f88a261f5\" href=\"https:\/\/slowfood-ost.ch\/wp-content\/uploads\/2023\/01\/Schna\u0308ggeposcht_November_2022.pdf\">Schna\u0308ggeposcht_November_2022<\/a><a href=\"https:\/\/slowfood-ost.ch\/wp-content\/uploads\/2023\/01\/Schna\u0308ggeposcht_November_2022.pdf\" class=\"wp-block-file__button wp-element-button\" download aria-describedby=\"wp-block-file--media-5e5d9f95-c9c3-4c5c-b269-353f88a261f5\">Herunterladen<\/a><\/div>\n\n\n\n<p>13. August 2022<\/p>\n\n\n\n<h3 class=\"wp-block-heading\">Schn\u00e4ggeposcht #3\/2022<\/h3>\n\n\n\n<div data-wp-interactive=\"\" class=\"wp-block-file\"><object data-wp-bind--hidden=\"!selectors.core.file.hasPdfPreview\" hidden class=\"wp-block-file__embed\" data=\"https:\/\/slowfood-ost.ch\/wp-content\/uploads\/2023\/01\/Schna\u0308ggeposcht_August_2022.pdf\" type=\"application\/pdf\" style=\"width:100%;height:600px\" aria-label=\"Einbettung von Schna\u0308ggeposcht_August_2022.\"><\/object><a id=\"wp-block-file--media-30c857b3-5926-4570-849a-4b6f18fc15b0\" href=\"https:\/\/slowfood-ost.ch\/wp-content\/uploads\/2023\/01\/Schna\u0308ggeposcht_August_2022.pdf\">Schna\u0308ggeposcht_August_2022<\/a><a href=\"https:\/\/slowfood-ost.ch\/wp-content\/uploads\/2023\/01\/Schna\u0308ggeposcht_August_2022.pdf\" class=\"wp-block-file__button wp-element-button\" download aria-describedby=\"wp-block-file--media-30c857b3-5926-4570-849a-4b6f18fc15b0\">Herunterladen<\/a><\/div>\n\n\n\n<p><\/p>\n\n\n\n<p>25. Juli 2022<\/p>\n\n\n\n<h3 class=\"wp-block-heading\"><strong>Slow Food Markt Ostschweiz<\/strong> 2022<\/h3>\n\n\n\n<figure class=\"wp-block-image size-large\"><img loading=\"lazy\" decoding=\"async\" width=\"724\" height=\"1024\" src=\"https:\/\/slowfood-ost.ch\/wp-content\/uploads\/2022\/07\/SFM_Plakat_A3_RZ_klein-2-724x1024.jpg\" alt=\"\" class=\"wp-image-788\" srcset=\"https:\/\/slowfood-ost.ch\/wp-content\/uploads\/2022\/07\/SFM_Plakat_A3_RZ_klein-2-724x1024.jpg 724w, https:\/\/slowfood-ost.ch\/wp-content\/uploads\/2022\/07\/SFM_Plakat_A3_RZ_klein-2-212x300.jpg 212w, https:\/\/slowfood-ost.ch\/wp-content\/uploads\/2022\/07\/SFM_Plakat_A3_RZ_klein-2-768x1086.jpg 768w, https:\/\/slowfood-ost.ch\/wp-content\/uploads\/2022\/07\/SFM_Plakat_A3_RZ_klein-2-1086x1536.jpg 1086w, https:\/\/slowfood-ost.ch\/wp-content\/uploads\/2022\/07\/SFM_Plakat_A3_RZ_klein-2-1448x2048.jpg 1448w, https:\/\/slowfood-ost.ch\/wp-content\/uploads\/2022\/07\/SFM_Plakat_A3_RZ_klein-2.jpg 1754w\" sizes=\"(max-width: 724px) 100vw, 724px\" \/><\/figure>\n\n\n\n<p><strong>Der Slow Food Markt ist zur\u00fcck! Nach dreij\u00e4hrigem Unterbruch darf Slow Food Ostschweiz den n\u00e4chsten Slow Food Markt ank\u00fcndigen. Dieser findet nach 2018 zum zweiten Mal auf dem Areal Lattich beim G\u00fcterbahnhof in St. Gallen statt. Der Markt ist Treffpunkt f\u00fcr alle, die Wert auf gute, saubere und faire Produkte legen. Ganz gem\u00e4ss dem Slogan von Slow Food: \u00abGut \u2013 Sauber \u2013 Fair\u00bb. Dabei gibt es qualitativ hochstehende und genussvolle Erzeugnisse von \u00fcber 20 Kleinproduzierenden aus der Ostschweiz zu entdecken. F\u00fcr das leibliche Wohl sorgen zudem verschiedene Essanbieter, unter anderem auch ein vegetarischer Food-Truck. Ziel ist es, den Leuten eine regionale und kulinarische Vielfalt zu zeigen.<\/strong><\/p>\n\n\n\n<p>17. Mai 2022<\/p>\n\n\n\n<h3 class=\"wp-block-heading\">Schn\u00e4ggeposcht #2\/2022<\/h3>\n\n\n\n<div data-wp-interactive=\"\" class=\"wp-block-file\"><object data-wp-bind--hidden=\"!selectors.core.file.hasPdfPreview\" hidden class=\"wp-block-file__embed\" data=\"https:\/\/slowfood-ost.ch\/wp-content\/uploads\/2022\/05\/Schna\u0308ggeposcht_Mai_2022.pdf\" type=\"application\/pdf\" style=\"width:100%;height:600px\" aria-label=\"Einbettung von Schna\u0308ggeposcht_Mai_2022.\"><\/object><a id=\"wp-block-file--media-2df9ba50-cb82-4ac4-8dec-db763b4706e3\" href=\"https:\/\/slowfood-ost.ch\/wp-content\/uploads\/2022\/05\/Schna\u0308ggeposcht_Mai_2022.pdf\">Schna\u0308ggeposcht_Mai_2022<\/a><a href=\"https:\/\/slowfood-ost.ch\/wp-content\/uploads\/2022\/05\/Schna\u0308ggeposcht_Mai_2022.pdf\" class=\"wp-block-file__button wp-element-button\" download aria-describedby=\"wp-block-file--media-2df9ba50-cb82-4ac4-8dec-db763b4706e3\">Herunterladen<\/a><\/div>\n\n\n\n<p>15. Mai 2022<\/p>\n\n\n\n<h3 class=\"wp-block-heading\">Slow Food Markt Ostschweiz 2022<\/h3>\n\n\n\n<p>Mit grosser Freude darf das Convivium Ostschweiz den n\u00e4chsten Slow Food Markt der Ostschweiz ank\u00fcndigen. Wir freuen uns sehr dar\u00fcber, dass die Marktt\u00e4tigkeiten damit wieder an Fahrt aufnehmen.<\/p>\n\n\n\n<p>Der Markt findet dieses Jahr am <strong>Samstag, 03. September 2022<\/strong> im <strong>\u00abLattich\u00bb beim G\u00fcterbahnhof in St. Gallen<\/strong> statt. Weitere Infos folgen fortlaufend auf dieser Webseite.<\/p>\n\n\n\n<p>15. Mai 2022<\/p>\n\n\n\n<h3 class=\"wp-block-heading\">Das Jahresprogramm 2022 ist da!<\/h3>\n\n\n\n<p>Unter der Rubrik <a href=\"https:\/\/slowfood-ost.ch\/index.php\/anlaesse-2\/\">Anl\u00e4sse<\/a> finden Sie das aktuelle Jahresprogramm des Convivium Ostschweiz.<\/p>\n\n\n\n<p>25. M\u00e4rz 2022<\/p>\n\n\n\n<h3 class=\"wp-block-heading\">Neuer Vorstand im Convivium Ostschweiz<\/h3>\n\n\n\n<p>Anl\u00e4sslich der vergangenen Jahresversammlung des Convivium Ostschweiz, hat sich  ein neuer Vorstand konstituiert. Neben dem bisherigen Mitglied Roger Stieger, wurden mit Andr\u00e9 B\u00fchler und Michael L\u00fcscher zwei neue Personen ins Gremium gew\u00e4hlt. Die Leitung des viertgr\u00f6ssten Convivium in der Schweiz ist nun wieder gut aufgestellt f\u00fcr die kommenden Jahre.<\/p>\n\n\n\n<p>Weitere News dazu und die Aktivit\u00e4ten in diesem Jahr werden baldm\u00f6glichst \u00fcber die entsprechenden Kommunikationskan\u00e4le bekannt gegeben.<\/p>\n","protected":false},"excerpt":{"rendered":"<p>21. Januar 2024 Jahresversammlung Slow Food Ostschweiz Die vergangene Jahresversammlung von Slow Food Ostschweiz fand am Donnerstag, 29. Februar 2024 im Alpenhof in Oberegg statt. 18. Dezember 2023 Schn\u00e4ggeposcht #4\/2023 Hier geht&#8217;s zur aktuellsten Schn\u00e4ggeposcht, dem Newsletter von Slow Food Ostschweiz. 28. November 2023 Schweizer Familie berichtet \u00fcber Slow Food (02.11.2023) Lesen Sie unten die &hellip; <\/p>\n<p><a class=\"more-link btn\" href=\"https:\/\/slowfood-ost.ch\/index.php\/news\/\">Weiterlesen<\/a><\/p>\n","protected":false},"author":2,"featured_media":0,"parent":0,"menu_order":0,"comment_status":"closed","ping_status":"closed","template":"","meta":{"footnotes":""},"_links":{"self":[{"href":"https:\/\/slowfood-ost.ch\/index.php\/wp-json\/wp\/v2\/pages\/18"}],"collection":[{"href":"https:\/\/slowfood-ost.ch\/index.php\/wp-json\/wp\/v2\/pages"}],"about":[{"href":"https:\/\/slowfood-ost.ch\/index.php\/wp-json\/wp\/v2\/types\/page"}],"author":[{"embeddable":true,"href":"https:\/\/slowfood-ost.ch\/index.php\/wp-json\/wp\/v2\/users\/2"}],"replies":[{"embeddable":true,"href":"https:\/\/slowfood-ost.ch\/index.php\/wp-json\/wp\/v2\/comments?post=18"}],"version-history":[{"count":50,"href":"https:\/\/slowfood-ost.ch\/index.php\/wp-json\/wp\/v2\/pages\/18\/revisions"}],"predecessor-version":[{"id":1176,"href":"https:\/\/slowfood-ost.ch\/index.php\/wp-json\/wp\/v2\/pages\/18\/revisions\/1176"}],"wp:attachment":[{"href":"https:\/\/slowfood-ost.ch\/index.php\/wp-json\/wp\/v2\/media?parent=18"}],"curies":[{"name":"wp","href":"https:\/\/api.w.org\/{rel}","templated":true}]}}