{"id":169,"date":"2020-01-18T23:18:44","date_gmt":"2020-01-18T22:18:44","guid":{"rendered":"http:\/\/slowfood-ost.ch\/?page_id=169"},"modified":"2025-12-18T12:37:29","modified_gmt":"2025-12-18T11:37:29","slug":"anlaesse-2","status":"publish","type":"page","link":"https:\/\/slowfood-ost.ch\/index.php\/anlaesse-2\/","title":{"rendered":"Anl\u00e4sse 2026"},"content":{"rendered":"\n<div class=\"wp-block-columns is-layout-flex wp-container-core-columns-layout-1 wp-block-columns-is-layout-flex\">\n<div class=\"wp-block-column is-layout-flow wp-block-column-is-layout-flow\">\n<p><strong>24. Februar<\/strong> <strong>2026<\/strong><\/p>\n<\/div>\n\n\n\n<div class=\"wp-block-column is-layout-flow wp-block-column-is-layout-flow\">\n<p>Jahresversammlung im Schloss Wartegg SG<\/p>\n<\/div>\n<\/div>\n\n\n\n<div class=\"wp-block-columns is-layout-flex wp-container-core-columns-layout-2 wp-block-columns-is-layout-flex\"><\/div>\n\n\n\n<p><strong>Wir m\u00f6chten an dieser Stelle darauf hinweisen, dass bei s\u00e4mtlichen Anl\u00e4ssen auch Nicht-Mitglieder herzlich willkommen sind. Das Slow Food Netzwerk m\u00f6chte sich zuk\u00fcnftig vergr\u00f6ssern und seine Philosophie und Ideen in die breite Bev\u00f6lkerung tragen.<\/strong><\/p>\n\n\n\n<p>Slow Food Ostschweiz sucht auch den Kontakt mit Convivia im grenznahen Ausland. Bisher konnte man zwei Sommer-Picknick&#8217;s zusammen mit den Convivia Vorarlberg und Bodensee (D) auf die Beine stellen. Diese Verbundenheit m\u00f6chten wir weiter pflegen und allen Mitgliedern die M\u00f6glichkeit bieten, auch einmal \u00fcber die Grenze zu schauen und an einem lokalen Anlass teilzunehmen. Dazu im Folgenden die Agenda 2020 der beiden Convivia.<\/p>\n\n\n\n<h4 class=\"wp-block-heading\">Anl\u00e4sse Convivium Vorarlberg<\/h4>\n\n\n\n<p>Mehr Infos auf der Webseite des <a href=\"http:\/\/www.slowfoodvorarlberg.at\"><strong>Convivium Vorarlberg<\/strong><\/a><\/p>\n\n\n\n<h4 class=\"wp-block-heading\">Anl\u00e4sse Convivium Bodensee<\/h4>\n\n\n\n<p>Mehr Infos auf der Webseite des <a href=\"https:\/\/www.slowfood.de\/slow_food_vor_ort\/bodensee\"><strong>Convivium Bodensee<\/strong><\/a><\/p>\n","protected":false},"excerpt":{"rendered":"<p>24. Februar 2026 Jahresversammlung im Schloss Wartegg SG Wir m\u00f6chten an dieser Stelle darauf hinweisen, dass bei s\u00e4mtlichen Anl\u00e4ssen auch Nicht-Mitglieder herzlich willkommen sind. Das Slow Food Netzwerk m\u00f6chte sich zuk\u00fcnftig vergr\u00f6ssern und seine Philosophie und Ideen in die breite Bev\u00f6lkerung tragen. Slow Food Ostschweiz sucht auch den Kontakt mit Convivia im grenznahen Ausland. Bisher &hellip; <\/p>\n<p><a class=\"more-link btn\" href=\"https:\/\/slowfood-ost.ch\/index.php\/anlaesse-2\/\">Weiterlesen<\/a><\/p>\n","protected":false},"author":2,"featured_media":0,"parent":0,"menu_order":0,"comment_status":"closed","ping_status":"closed","template":"","meta":{"footnotes":""},"_links":{"self":[{"href":"https:\/\/slowfood-ost.ch\/index.php\/wp-json\/wp\/v2\/pages\/169"}],"collection":[{"href":"https:\/\/slowfood-ost.ch\/index.php\/wp-json\/wp\/v2\/pages"}],"about":[{"href":"https:\/\/slowfood-ost.ch\/index.php\/wp-json\/wp\/v2\/types\/page"}],"author":[{"embeddable":true,"href":"https:\/\/slowfood-ost.ch\/index.php\/wp-json\/wp\/v2\/users\/2"}],"replies":[{"embeddable":true,"href":"https:\/\/slowfood-ost.ch\/index.php\/wp-json\/wp\/v2\/comments?post=169"}],"version-history":[{"count":136,"href":"https:\/\/slowfood-ost.ch\/index.php\/wp-json\/wp\/v2\/pages\/169\/revisions"}],"predecessor-version":[{"id":1215,"href":"https:\/\/slowfood-ost.ch\/index.php\/wp-json\/wp\/v2\/pages\/169\/revisions\/1215"}],"wp:attachment":[{"href":"https:\/\/slowfood-ost.ch\/index.php\/wp-json\/wp\/v2\/media?parent=169"}],"curies":[{"name":"wp","href":"https:\/\/api.w.org\/{rel}","templated":true}]}}