{"id":167,"date":"2020-01-18T23:18:44","date_gmt":"2020-01-18T22:18:44","guid":{"rendered":"http:\/\/slowfood-ost.ch\/?page_id=167"},"modified":"2022-12-15T07:27:07","modified_gmt":"2022-12-15T06:27:07","slug":"home","status":"publish","type":"page","link":"https:\/\/slowfood-ost.ch\/","title":{"rendered":"Willkommen bei Slow Food Ostschweiz!"},"content":{"rendered":"\n<p>Wir wollen, dass unsere Kinder auch in Zukunft ehrliche und gute Lebensmittel geniessen k\u00f6nnen und sich nicht von Industrie-Fast-Food ern\u00e4hren m\u00fcssen. Wir wollen, dass unsere Produzenten zu einem fairen Preis bodenst\u00e4ndige und saubere Lebensmittel herstellen und sich stolz Lebensmittelhandwerker nennen k\u00f6nnen! Wir wollen, dass unsere regionale Essenskultur mit ihren wunderbaren Erzeugnissen nicht im Mainstream der globalen Food-Giganten untergeht.<\/p>\n\n\n\n<p>Wollen Sie mehr \u00fcber die Philosophie und die Aktivit\u00e4ten von Slow Food erfahren?<\/p>\n\n\n\n<p><a href=\"http:\/\/www.slowfood.ch\">Slow Food Schweiz<\/a> \/ <a href=\"http:\/\/www.slowfood.com\">Slow Food International<\/a> \/ <a href=\"http:\/\/www.slowmobil.ch\">SlowMobil<\/a><br>Facebook: <a href=\"https:\/\/www.facebook.com\/slowfoodost\/\">@slowfoodost<\/a> \/ <a href=\"https:\/\/www.facebook.com\/slowfood.ch\/\">@slowfood.ch<\/a> \/ <a href=\"https:\/\/www.facebook.com\/slowfoodinternational\/\">@slowfoodinternational<\/a><\/p>\n\n\n\n<p><strong>Unterst\u00fctzen Sie Slow Food in der Ostschweiz, der Schweiz und der ganzen Welt!  <\/strong> <\/p>\n\n\n\n<p><strong>Gerne begr\u00fcssen wir neue Mitglieder. <a href=\"https:\/\/www.slowfood.ch\/de\/mitmachen\/mitglied-werden\">Infos zur Mitgliedschaft<\/a><\/strong><\/p>\n\n\n\n<p>Weitere interessante Links: <a href=\"http:\/\/www.kulinarischeserbe.ch\">www.kulinarischeserbe.ch<\/a><a href=\"http:\/\/www.biodiversitaet.ch\">, www.biodiversitaet.ch<\/a><a href=\"http:\/\/www.saatgutkampagne.org\">, www.saatgutkampagne.org<\/a><\/p>\n","protected":false},"excerpt":{"rendered":"<p>Wir wollen, dass unsere Kinder auch in Zukunft ehrliche und gute Lebensmittel geniessen k\u00f6nnen und sich nicht von Industrie-Fast-Food ern\u00e4hren m\u00fcssen. Wir wollen, dass unsere Produzenten zu einem fairen Preis bodenst\u00e4ndige und saubere Lebensmittel herstellen und sich stolz Lebensmittelhandwerker nennen k\u00f6nnen! Wir wollen, dass unsere regionale Essenskultur mit ihren wunderbaren Erzeugnissen nicht im Mainstream der &hellip; <\/p>\n<p><a class=\"more-link btn\" href=\"https:\/\/slowfood-ost.ch\/\">Weiterlesen<\/a><\/p>\n","protected":false},"author":2,"featured_media":0,"parent":0,"menu_order":0,"comment_status":"closed","ping_status":"closed","template":"","meta":{"footnotes":""},"_links":{"self":[{"href":"https:\/\/slowfood-ost.ch\/index.php\/wp-json\/wp\/v2\/pages\/167"}],"collection":[{"href":"https:\/\/slowfood-ost.ch\/index.php\/wp-json\/wp\/v2\/pages"}],"about":[{"href":"https:\/\/slowfood-ost.ch\/index.php\/wp-json\/wp\/v2\/types\/page"}],"author":[{"embeddable":true,"href":"https:\/\/slowfood-ost.ch\/index.php\/wp-json\/wp\/v2\/users\/2"}],"replies":[{"embeddable":true,"href":"https:\/\/slowfood-ost.ch\/index.php\/wp-json\/wp\/v2\/comments?post=167"}],"version-history":[{"count":13,"href":"https:\/\/slowfood-ost.ch\/index.php\/wp-json\/wp\/v2\/pages\/167\/revisions"}],"predecessor-version":[{"id":877,"href":"https:\/\/slowfood-ost.ch\/index.php\/wp-json\/wp\/v2\/pages\/167\/revisions\/877"}],"wp:attachment":[{"href":"https:\/\/slowfood-ost.ch\/index.php\/wp-json\/wp\/v2\/media?parent=167"}],"curies":[{"name":"wp","href":"https:\/\/api.w.org\/{rel}","templated":true}]}}