{"id":118,"date":"2020-01-17T19:44:13","date_gmt":"2020-01-17T19:44:13","guid":{"rendered":"http:\/\/slowfood-ost.ch\/?page_id=118"},"modified":"2025-12-05T14:49:20","modified_gmt":"2025-12-05T13:49:20","slug":"archiv","status":"publish","type":"page","link":"https:\/\/slowfood-ost.ch\/index.php\/archiv\/","title":{"rendered":"R\u00fcckblick 2001 bis 2025"},"content":{"rendered":"\n<h4 class=\"wp-block-heading\">2025<\/h4>\n\n\n\n<ul>\n<li><strong>Januar<\/strong>: Terra Madre Day &#8211; Premio Slow Food 2024:  Willi Schmid, Myriam Zumb\u00fchl und Simon Steuri<\/li>\n\n\n\n<li><strong>Februar<\/strong>: Jahresversammlung im Restaurant Helvetia, St. Gallen<\/li>\n\n\n\n<li><strong>Mai<\/strong>: \u00d6komarkt St. Gallen<\/li>\n\n\n\n<li><strong>August<\/strong>: 3-L\u00e4nder-Picknick &#8211; Slow Food Ostschweiz, Buechberg Thal SG<\/li>\n\n\n\n<li><strong>September<\/strong>: Terra Madre Day &#8211; Premio Slow Food 2025: Andreas Koller &#8211; Bean-to-Bar-Schokoladenfestival, St. Gallen<\/li>\n\n\n\n<li><strong>November<\/strong>: Filmmatin\u00e9e &#8222;Master of Cheese&#8220;, Restaurant Corso, St. Gallen<\/li>\n\n\n\n<li><strong>November<\/strong>: Essig-Workshop, Frasnacht SG<\/li>\n<\/ul>\n\n\n\n<h4 class=\"wp-block-heading\">2024<\/h4>\n\n\n\n<ul>\n<li><strong>Januar<\/strong>: Terra Madre Day &#8211; Premio Slow Food 2023: Chr\u00fcterei\/RegioHerz<\/li>\n\n\n\n<li><strong>Februar<\/strong>: Jahresversammlung im Alpenhof, Oberegg AI<\/li>\n\n\n\n<li><strong>M\u00e4rz<\/strong>: Slow Wine St. Gallen<\/li>\n\n\n\n<li><strong>Mai<\/strong>: \u00d6komarkt St. Gallen<\/li>\n\n\n\n<li><strong>Juli<\/strong>: Chr\u00fcterei, Stein AR<\/li>\n\n\n\n<li><strong>August<\/strong>: 3 L\u00e4nder-Picknick &#8211; Slow Food Vorarlberg, Lauterach (A)<\/li>\n\n\n\n<li><strong>Oktober<\/strong>: Obst und S\u00fcssmost, Steinebrunn TG<\/li>\n\n\n\n<li><strong>November<\/strong>: Idea Salentina &#8211; Mozzarella (in Zusammenarbeit mit SF Z\u00fcrich-Oberland)<\/li>\n<\/ul>\n\n\n\n<h4 class=\"wp-block-heading\">2023<\/h4>\n\n\n\n<ul>\n<li><strong>M\u00e4rz<\/strong>: Jahresversammlung im Urwaldhaus, Rehetobel AR<\/li>\n\n\n\n<li><strong>Mai<\/strong>: Bioweingut Lenz, Uesslingen TG<\/li>\n\n\n\n<li><strong>August<\/strong>: 3-L\u00e4nder-Picknick &#8211; Slow Food Oberschwaben, Bodnegg (D)<\/li>\n\n\n\n<li><strong>August<\/strong>: Alp Ergeten, Mosnang SG<\/li>\n\n\n\n<li><strong>September<\/strong>: g&#8217;nuss, St. Gallen<\/li>\n\n\n\n<li><strong>November<\/strong>: Wein- und Genusstage, Flums SG<\/li>\n<\/ul>\n\n\n\n<h4 class=\"wp-block-heading\">2022<\/h4>\n\n\n\n<ul>\n<li><strong>M\u00e4rz<\/strong>: Jahresversammlung im Restaurant Sch\u00e4fli, Uznach SG<\/li>\n\n\n\n<li><strong>Mai<\/strong>: Mitgliederkongress Slow Food Schweiz, Strickhof, Lindau ZH<\/li>\n\n\n\n<li><strong>September<\/strong>: Slow Food Markt Ostschweiz, St. Gallen<\/li>\n\n\n\n<li><strong>Oktober<\/strong>: Obstsortengarten Schweizer, Neukirch a.d. Thur TG<\/li>\n\n\n\n<li><strong>Dezember<\/strong>: Terra Madre Day &#8211; Premio Slow Food: Gasthaus R\u00f6ssli, Mogelsberg SG<\/li>\n<\/ul>\n\n\n\n<h4 class=\"wp-block-heading\">2021<\/h4>\n\n\n\n<ul>\n<li><strong>Mai<\/strong>: Essbare Wildkr\u00e4uter &#8211; Kennenlernen und Geniessen, St. Gallen<\/li>\n\n\n\n<li><strong>Juni<\/strong>: Premio Slow Food 2020 nachtr\u00e4glich an Michael Higi, Heiden<\/li>\n\n\n\n<li><strong>September<\/strong>: 3-L\u00e4nder-Picknick &#8211; Slow Food Bodensee, \u00dcberlingen-Lipperstreute (Deutschland)<\/li>\n\n\n\n<li><strong>Oktober<\/strong>: Safran aus Vorarlberg, Klaus und Viktorsberg (A)<\/li>\n\n\n\n<li><strong>Dezember<\/strong>: Terra Madre Day &#8211; Premio Slow Food: Andr\u00e9 B\u00fchler, Heiden<\/li>\n<\/ul>\n\n\n\n<h4 class=\"wp-block-heading\">2020<\/h4>\n\n\n\n<ul>\n<li><strong>Februar<\/strong>: Jahresversammlung im Restaurant R\u00f6ssli, Mogelsberg SG<\/li>\n\n\n\n<li><strong>M\u00e4rz<\/strong>: Sennerei Bachtel, Wernetshausen\/Hinwil ZH<\/li>\n\n\n\n<li><strong>August<\/strong>: Mitgliederkongress Slow Food Schweiz, Le Ch\u00e2bles VS<\/li>\n\n\n\n<li><strong>Oktober<\/strong>: Tr\u00fcffel, Hagenwil SG<\/li>\n\n\n\n<li><strong>Dezember<\/strong>: Terra Madre Day &#8211; Premio Slow Food: Michael Higi (Gr\u00fcndungsmitglied Slow Food Ostschweiz)<\/li>\n<\/ul>\n\n\n\n<h4 class=\"wp-block-heading\"><strong>2019<\/strong><\/h4>\n\n\n\n<ul>\n<li><strong>M\u00e4rz<\/strong>: Jahresversammlung im Korhausbr\u00e4u, Rorschach<\/li>\n\n\n\n<li><strong>April<\/strong>: K\u00e4setage Toggenburg, Wattwil<\/li>\n\n\n\n<li><strong>Mai<\/strong>: Genuss.Bewusst &#8211; Der Slow Food Markt der Ostschweiz, Schloss Arenenberg, Salenstein TG<\/li>\n\n\n\n<li><strong>Juni<\/strong>: Kabier Produzentenbesuch, Stein AR<\/li>\n\n\n\n<li><strong>August<\/strong>: 3-L\u00e4nder-Picknick Slow Food Vorarlberg, Koblach (A)<\/li>\n\n\n\n<li><strong>September<\/strong>: Pilzexkursion, Jakobsbad AI<\/li>\n\n\n\n<li><strong>November<\/strong>: Mosterei Kobelt, Marbach<\/li>\n\n\n\n<li><strong>Dezember<\/strong>: Terra Madre Day &#8211; Premio Slow Food: Hof Baldenwil, Schachen b. Herisau<\/li>\n<\/ul>\n\n\n\n<h4 class=\"wp-block-heading\"><strong>2018<\/strong><\/h4>\n\n\n\n<ul>\n<li><strong>M\u00e4rz<\/strong>: Jahresauftakt &#8211; Jahresversammlung in der Sitterm\u00fchle, Bischofszell<\/li>\n\n\n\n<li><strong>April<\/strong>: Huhn und Bruder bei Kurt Brunner, Wernetshausen ZH<\/li>\n\n\n\n<li><strong>Mai<\/strong>: Pilgrim &#8211; Die Bieridee im Hinterthurgau, Fischingen TG<\/li>\n\n\n\n<li><strong>Juni<\/strong>: Abendspaziergang zur Traube Mult, Gossau und Genuss.Bewusst &#8211; Der Slow Food Markt der Ostschweiz, St. Gallen<\/li>\n\n\n\n<li><strong>Juli<\/strong>: Geschmackswerkstatt Kr\u00e4uter &#8211; Hof Baldenwil, Schachen b. Herisau<\/li>\n\n\n\n<li><strong>August<\/strong>: Slow Food Mitglieder Kongress, M\u00fcnsingen BE<\/li>\n\n\n\n<li><strong>September<\/strong>: Besuch auf Alp Soll, Alpstein und Jubil\u00e4umsmarkt Schloss Wartegg, Rorschacherberg<\/li>\n\n\n\n<li><strong>Oktober<\/strong>: Besuch der M\u00fchle Lamperswil, Lamperswil TG<\/li>\n\n\n\n<li><strong>November<\/strong>: Schweizer Slow Food Market, Z\u00fcrich<\/li>\n\n\n\n<li><strong>Dezember<\/strong>: Terra Madre Day &#8211; Premio Slow Food: B\u00e4ckerei Lehmann, Lanterswil TG<\/li>\n<\/ul>\n\n\n\n<h4 class=\"wp-block-heading\"><strong>2017<\/strong><\/h4>\n\n\n\n<ul>\n<li><strong>M\u00e4rz:<\/strong> Jahresversammlung und &#8222;vom Bratch\u00e4s zum Raclette&#8220; im Rosenkeller, St. Gallen<\/li>\n\n\n\n<li><strong>April:<\/strong> Backen im Hinterthurgau in der Holzofenb\u00e4ckerei von KORN.HAUS, Dussnang TG<\/li>\n\n\n\n<li><strong>Mai:<\/strong> &#8222;Mais in der March&#8220; Alles zum Thema Linthmais in der Bruhin M\u00fchle, Tuggen SZ<\/li>\n\n\n\n<li><strong>Juni:<\/strong> Genuss.Bewusst &#8211; Der Slow Food Markt der Ostschweiz, Schloss Arenenberg, Salenstein TG<\/li>\n\n\n\n<li><strong>Juli:<\/strong> Mit Slow Food Vorarlberg im Puschlav&nbsp;<\/li>\n\n\n\n<li><strong>August:<\/strong> 3-L\u00e4nder-Picknick beim Schloss Wartegg, Rorschacherberg<\/li>\n\n\n\n<li><strong>September:<\/strong> Besuch Schloss Salenegg, Maienfeld (Degu von Wein, Trinkessig, \u00d6le), Besuch beim Nusspapst Gubler, H\u00f6rhausen TG<\/li>\n\n\n\n<li><strong>Oktober:<\/strong> Stand beim Herbstmarkt vom Schloss Wartegg, Rorschacherberg<\/li>\n\n\n\n<li><strong>November:<\/strong> Stand am Slow Food Market Z\u00fcrich<\/li>\n\n\n\n<li><strong>Dezember:<\/strong> Terra Madre Day &#8211; Premio Slow Food: Biohof Mausacker, Steinebrunn TG<\/li>\n<\/ul>\n\n\n\n<h4 class=\"wp-block-heading\"><strong>2016<\/strong><\/h4>\n\n\n\n<ul>\n<li><strong>Februar:<\/strong> Jahresversammlung und Thema Bier in der Sch\u00fctzengarten Brauerei, St. Gallen&nbsp;<\/li>\n\n\n\n<li><strong>April:<\/strong> Stand an den K\u00e4setagen Toggenburg, Wattwil<\/li>\n\n\n\n<li><strong>Mai:<\/strong> Stand am \u00d6komarkt St.Gallen (Food Waste) &nbsp;\/ &nbsp;Spargelanlass auf dem Gillhof, M\u00e4rstetten TG<\/li>\n\n\n\n<li><strong>Juni:<\/strong> Besuch auf der Ziger -Alp<\/li>\n\n\n\n<li><strong>August<\/strong>: Besuch beim Imker<\/li>\n\n\n\n<li><strong>September<\/strong>: Slow Wurst &#8211; Wurstkurs, Harmonie Thundorf TG<\/li>\n\n\n\n<li><strong>Oktober: <\/strong>Slow Schnaps &#8211; Besuch beim St\u00f6rbrenner<\/li>\n\n\n\n<li><strong>November:<\/strong> Teilnahme am SF Market Z\u00fcrich<\/li>\n\n\n\n<li><strong>Dezember:<\/strong> Terra Madre Day &#8211; Premio Slow Food: Alpziger &#8211; Familie Fischli, N\u00e4fels GL<\/li>\n<\/ul>\n\n\n\n<h4 class=\"wp-block-heading\"><strong>2015<\/strong><\/h4>\n\n\n\n<ul>\n<li><strong>Februar:<\/strong> Jahresversammlung und Geschmackswerkstatt &#8222;Senf&#8220;, Klosterbistro St.Gallen&nbsp;<\/li>\n\n\n\n<li><strong>M\u00e4rz: <\/strong>Stand an der Geissenshow, Wattwil<\/li>\n\n\n\n<li><strong>April:<\/strong> Agrovision, Alberswil LU<\/li>\n\n\n\n<li><strong>Mai: <\/strong>Food Waste Kochen am \u00d6komarkt St. Gallen<\/li>\n\n\n\n<li><strong>Juli: <\/strong>Fischerei Leuch am Bodensee, Landschlacht<\/li>\n\n\n\n<li><strong>August: <\/strong>Besuch bei Juuza Schweinemastbetrieb, Appenzell<\/li>\n\n\n\n<li><strong>September:<\/strong> Food Waste Kochen am Herbst \u00d6komarkt St. Gallen; Anlass mit Produkten aus der Internationalen Arche des Geschmacks im Klosterbistro St. Gallen; Stand mit Ostschweizer Arche Produkten am Widdermarkt beim Schloss Wartegg, Rorschacherberg<\/li>\n\n\n\n<li><strong>Oktober: <\/strong>Geschmackswerkstatt Trauben im Weingut Stegeler, Berneck<\/li>\n\n\n\n<li><strong>November:<\/strong> Stand am Slow Food Market Z\u00fcrich<\/li>\n\n\n\n<li><strong>Dezember: <\/strong>Terra Madre Day &#8211; Premio Slow Food: Tanja B\u00fcsser und Team vom Restaurant Sch\u00e4fli, Uznach<\/li>\n<\/ul>\n\n\n\n<h4 class=\"wp-block-heading\"><strong>2014<\/strong><\/h4>\n\n\n\n<ul>\n<li><strong>Februar: <\/strong>Jahresversammlung im Restaurant Schwarzer Adler, St.Gallen: Vortrag \u00fcber die Arbeit der SAVE Foundation&nbsp;<\/li>\n\n\n\n<li><strong>M\u00e4rz: <\/strong>Geschmackswerkstatt \u00fcber \u00d6l und Essig &nbsp;\/ &nbsp;Presidio-Stand und F\u00fchrung durch die Geissenshow, Wattwil<\/li>\n\n\n\n<li><strong>Mai: <\/strong>Food Waste Kochen am \u00d6komarkt St.Gallen &nbsp;\/ &nbsp;Arche Anlass: Gitzi Essen bei Martin Real, F\u00fcrstentum Liechtenstein<\/li>\n\n\n\n<li><strong>Juni: <\/strong>Besuch des Conviviums Karlsruhe (D), Nachtessen &#8211; Schiff Kesswil<\/li>\n\n\n\n<li><strong>September:<\/strong> Genussmarkt St. Gallen<\/li>\n\n\n\n<li><strong>Oktober:<\/strong> Apfelmarkt im Naturmuseum Frauenfeld<\/li>\n\n\n\n<li><strong>November:<\/strong> Stand am Slow Food Market Z\u00fcrich \/ 7. Arche Essen &#8211; Schloss Wartegg, Rorschacherberg<\/li>\n\n\n\n<li><strong>Dezember:<\/strong> Terra Madre Day &#8211; Premio Slow Food: Metzgerei Fuchs, Grub AR<\/li>\n<\/ul>\n\n\n\n<h4 class=\"wp-block-heading\"><strong>2013<\/strong><\/h4>\n\n\n\n<ul>\n<li>Jahresversammlung im Restaurant F\u00e4rberei im Greuterhof, Islikon, Vortrag von Dominik Manser \u00fcber  den Aufbau einer Mosterei in Nordkorea<\/li>\n\n\n\n<li>Geschmackswerkstatt zum Thema Schokolade: wir giessen unseren eigenen Osterhasen in der Confiserie s&#8217;Teigr\u00e4dli, Herisau<\/li>\n\n\n\n<li>Produzenten Besuch: Obstd\u00f6rrerei Oeler, L\u00f6mmenschwil und \u00d6pfelfarm, Steinebrunn: D\u00f6rren, ein altes Handwerk im Wandel!<\/li>\n\n\n\n<li>&#8222;Uf de T\u00e4ller statt in G\u00fcsel&#8220; Kochaktion am \u00d6komarkt St.Gallen<\/li>\n\n\n\n<li>Arche vor Ort: Wanderung zur Alp Malsch\u00fcel und ihren 250 Ziegen<\/li>\n\n\n\n<li>Info Stand am Buure M\u00e4rt, Ermatingen<\/li>\n\n\n\n<li>Genussmarkt St.Gallen: Kochaktion &#8222;uf de T\u00e4ller statt in G\u00fcsel&#8220;&nbsp;<\/li>\n\n\n\n<li>Kulinarisches Erbe der Ostschweiz: ein Abend mit Dominik Flammer&nbsp;<\/li>\n\n\n\n<li>Zehn Jahre Sch\u00e4fli Uznach: Stand am Genussmarkt, Uznach<\/li>\n\n\n\n<li>Slow Food Market Z\u00fcrich: Stand mit Ostschweizer Produzenten<\/li>\n\n\n\n<li>6. Arche Essen &#8211; Restaurant Sch\u00e4fli, Uznach<\/li>\n\n\n\n<li>Go\u00fbts et Terroire Messe in Bulle: Stand mit Ostschweizer Produkten<\/li>\n\n\n\n<li>Terra Madre Day &#8211; Premio Slow Food: Thomas Oeler, Steinebrunn (D\u00f6rrbirnen)<\/li>\n<\/ul>\n\n\n\n<h4 class=\"wp-block-heading\"><strong>2012<\/strong><\/h4>\n\n\n\n<ul>\n<li>Jahresversammlung und Stockfischessen im Mausacker, Steinebrunn<\/li>\n\n\n\n<li>Stand mit Presidio Toggenburger Ziege an der Geissenshow, Wattwil<\/li>\n\n\n\n<li>Bio-Holzofenb\u00e4ckerei Lehmann, Lanterswil<\/li>\n\n\n\n<li>DV Slow Food Schweiz in der Ziegelh\u00fctte Appenzell, Appenzeller Alpenbitter und Nachtessen Hoher &#8211; Hirschberg<\/li>\n\n\n\n<li>Geschmackswerkstatt zum Thema Tomaten &#8211; Bio-Hof Andermatt, Steinach<\/li>\n\n\n\n<li>Genussmarkt St.Gallen und diverse Anl\u00e4sse bei der Genusswoche<\/li>\n\n\n\n<li>Slow Food Market Z\u00fcrich: Stand mit Lebensmittelhandwerkern aus den Conviviumsgebiet<\/li>\n\n\n\n<li>5. Arche Essen &#8211; die Conviviumskochgruppe zauberte ein tolles Men\u00fc auf den Tisch &nbsp; &nbsp; &nbsp; &nbsp; &nbsp; &nbsp; &nbsp; &nbsp; &nbsp;&nbsp;<\/li>\n\n\n\n<li>Terra Madre Day &#8211; Premio Slow Food: Hans Gm\u00fcnder, Haslen (Schlipferk\u00e4se)<\/li>\n<\/ul>\n\n\n\n<h4 class=\"wp-block-heading\"><strong>2011<\/strong><\/h4>\n\n\n\n<ul>\n<li>Jahresversammlung im R\u00f6ssli Donzhausen mit Gianni Bertossa, Autor des Kochbuches &#8222;i Mazzafam&#8220; <\/li>\n\n\n\n<li>Geschmackswerkstatt K\u00e4se mit Hildi und Klaus Stadelmann von der K\u00e4seakademie Schweiz&nbsp;<\/li>\n\n\n\n<li>K\u00e4setage in Unterwasser&nbsp;(Stand mit Zincarlin, Mascarplin, Schlipferk\u00e4se,&nbsp;Toggenburger Ziegenk\u00e4se)&nbsp;&nbsp;&nbsp;<\/li>\n\n\n\n<li>Bodenseefischerei Fischer, Salmsach<\/li>\n\n\n\n<li>Markt in Ermatingen: Stand mit Arche und Presidiprodukten aus der Ostschweiz &nbsp; &nbsp;<\/li>\n\n\n\n<li>Genussmarkt St.Gallen: Stand mit Arche und Presidiprodukten aus der Ostschweiz &nbsp; <\/li>\n\n\n\n<li>Slow Food Market Z\u00fcrich: Pr\u00e4sentation der &#8222;Slow Food &#8220; Ostschweiz am eigenen Stand<\/li>\n\n\n\n<li>4. Arche Dinner &#8211; Restaurant Benedikt, St. Gallen <\/li>\n\n\n\n<li>Terra Madre Day &#8211; Premio Slow Food: Seegasthof Schiff Kesswil (Integrationsbetrieb f\u00fcr junge Menschen)<\/li>\n<\/ul>\n\n\n\n<h4 class=\"wp-block-heading\"><strong>2010<\/strong><\/h4>\n\n\n\n<ul>\n<li>Jahresversammlung und Nationaler Anlass zum Thema Fondue, St. Gallen<\/li>\n\n\n\n<li>Geschmackswerkstatt zu Thema Brot, Herisau<\/li>\n\n\n\n<li>Besuch beim&nbsp;Sennenk\u00e4ser&nbsp;Hans Gm\u00fcnder auf der Seealp (AI)<\/li>\n\n\n\n<li>Besuch beim Bio Winzer B.Bosshart, Quarten SG<\/li>\n\n\n\n<li>St. Galler Genusstag St. Gallen<\/li>\n\n\n\n<li>Besuch in der Obstsortensammlung, Roggwil <\/li>\n\n\n\n<li>3. Arche Essen &#8211; Gasthaus R\u00f6ssli, Mogelsberg<\/li>\n\n\n\n<li>Terra Madre Day &#8211; Premio Slow Food: Ekkharthof, Lengwil (Demeter-Betrieb)<\/li>\n<\/ul>\n\n\n\n<h4 class=\"wp-block-heading\"><strong>2009<\/strong><\/h4>\n\n\n\n<ul>\n<li>Nationaler Anlass zum Thema Kartoffeln, St. Gallen<\/li>\n\n\n\n<li>4. Nationale Geissenshow, Wattwil<\/li>\n\n\n\n<li>Geschmackswerkstatt zum Thema St.Galler \u00d6le, Herisau<\/li>\n\n\n\n<li>Hopfenernte Kartause Ittingen<\/li>\n\n\n\n<li>St. Galler Genusstag, St. Gallen<\/li>\n\n\n\n<li>2. Arche Essen &#8211; Schloss Wartegg, Rorschacherberg<\/li>\n\n\n\n<li>Terra Madre Day &#8211; Premio Slow Food: Tr\u00e4gerverein Culinarium<\/li>\n<\/ul>\n\n\n\n<h4 class=\"wp-block-heading\"><strong>2008<\/strong><\/h4>\n\n\n\n<ul>\n<li>Nationaler Anlass zum Thema Wurst<\/li>\n\n\n\n<li>Geschmackswerkstatt zum Thema Geschmack, Schmecken, Riechen<\/li>\n\n\n\n<li>Wir backen unseren eigenen Biberfladen<\/li>\n\n\n\n<li>St. Galler Genusstag, St. Gallen<\/li>\n\n\n\n<li>1. Arche Essen &#8211; Retaurant Appenzellerhof, Speicher<\/li>\n\n\n\n<li>K\u00e4setage Toggenburg, Wattwil<\/li>\n<\/ul>\n\n\n\n<h4 class=\"wp-block-heading\"><strong>2007<\/strong><\/h4>\n\n\n\n<ul>\n<li>Buch-Vernissage &#8222;Urchuchi&#8220; &#8211; Restaurant Obholz, Frauenfeld<\/li>\n\n\n\n<li>Stand an der OFFA&nbsp;St.Gallen<\/li>\n\n\n\n<li>Geschmackserlebnisse im Bistro WertVoll, Amriswil<\/li>\n\n\n\n<li>Stand am Slow Up, Thurgau<\/li>\n\n\n\n<li>Pro Spezie Rara Archehof, Z\u00fcrchersm\u00fchle AR<\/li>\n<\/ul>\n\n\n\n<h4 class=\"wp-block-heading\"><strong>2006<\/strong><\/h4>\n\n\n\n<ul>\n<li>Hauptversammlung im Restaurant Appenzellerhof, Speicher \/ Besuch beim Steindrucker<\/li>\n\n\n\n<li>Wanderung zum Thema Wildkr\u00e4uter<\/li>\n\n\n\n<li>Kulturwerkstatt Sitterwerk, St.Gallen<\/li>\n\n\n\n<li>Stand am Slow Up, Thurgau<\/li>\n<\/ul>\n\n\n\n<h4 class=\"wp-block-heading\"><strong>2005<\/strong><\/h4>\n\n\n\n<ul>\n<li>Start Up Event<\/li>\n\n\n\n<li>Biergeschichten in Dornbirn<\/li>\n\n\n\n<li>Stand am Slow Up, Thurgau<\/li>\n\n\n\n<li>Bergwerk Gonzen, Sargans<\/li>\n\n\n\n<li>Vortrag Bio Suisse<\/li>\n<\/ul>\n\n\n\n<h4 class=\"wp-block-heading\"><strong>2004<\/strong><\/h4>\n\n\n\n<ul>\n<li>Junghennen-Essen mit KAG-Freiland &#8211; Schloss Wartegg, Rorschacherberg<\/li>\n\n\n\n<li>Besuch im Dinkelzentrum, Stein AR<\/li>\n\n\n\n<li>Geheimnisse des Einmachens<\/li>\n\n\n\n<li>Celebration du chocolat bei Wellauer, Amriswil<\/li>\n<\/ul>\n\n\n\n<h4 class=\"wp-block-heading\"><strong>2003<\/strong><\/h4>\n\n\n\n<ul>\n<li>Appenzeller Alpenbitter, Appenzell<\/li>\n\n\n\n<li>Stand an der OFFA, St.Gallen<\/li>\n\n\n\n<li>Fischzucht Kundelfingerhof, Schlatt TG<\/li>\n\n\n\n<li>Most &#8211; Ribel &#8211; Rheintal<\/li>\n<\/ul>\n\n\n\n<h4 class=\"wp-block-heading\"><strong>2001<\/strong> \/ 2002<\/h4>\n\n\n\n<ul>\n<li>Hauptversammlung in der Brauerei Stein AR<\/li>\n\n\n\n<li>\u00d6pfelfarm, Steinebrunn TG<\/li>\n\n\n\n<li>Sitter\u00fcberquerung<\/li>\n\n\n\n<li>K\u00fcrbisvariationen mit Meret Bissegger<\/li>\n\n\n\n<li>Geschmackswerkstatt K\u00e4se und Wein &#8211; Ch\u00e4slaube K\u00fcndig, Rorschach<\/li>\n<\/ul>\n","protected":false},"excerpt":{"rendered":"<p>2025 2024 2023 2022 2021 2020 2019 2018 2017 2016 2015 2014 2013 2012 2011 2010 2009 2008 2007 2006 2005 2004 2003 2001 \/ 2002<\/p>\n","protected":false},"author":2,"featured_media":0,"parent":0,"menu_order":0,"comment_status":"closed","ping_status":"closed","template":"","meta":{"footnotes":""},"_links":{"self":[{"href":"https:\/\/slowfood-ost.ch\/index.php\/wp-json\/wp\/v2\/pages\/118"}],"collection":[{"href":"https:\/\/slowfood-ost.ch\/index.php\/wp-json\/wp\/v2\/pages"}],"about":[{"href":"https:\/\/slowfood-ost.ch\/index.php\/wp-json\/wp\/v2\/types\/page"}],"author":[{"embeddable":true,"href":"https:\/\/slowfood-ost.ch\/index.php\/wp-json\/wp\/v2\/users\/2"}],"replies":[{"embeddable":true,"href":"https:\/\/slowfood-ost.ch\/index.php\/wp-json\/wp\/v2\/comments?post=118"}],"version-history":[{"count":33,"href":"https:\/\/slowfood-ost.ch\/index.php\/wp-json\/wp\/v2\/pages\/118\/revisions"}],"predecessor-version":[{"id":1212,"href":"https:\/\/slowfood-ost.ch\/index.php\/wp-json\/wp\/v2\/pages\/118\/revisions\/1212"}],"wp:attachment":[{"href":"https:\/\/slowfood-ost.ch\/index.php\/wp-json\/wp\/v2\/media?parent=118"}],"curies":[{"name":"wp","href":"https:\/\/api.w.org\/{rel}","templated":true}]}}